{"id":15886,"date":"2015-03-26T00:05:36","date_gmt":"2015-03-25T23:05:36","guid":{"rendered":"http:\/\/mbisystemes.com?page_id=15886"},"modified":"2025-04-03T15:30:27","modified_gmt":"2025-04-03T19:30:27","slug":"business","status":"publish","type":"page","link":"https:\/\/www.mbisystemes.com\/en\/business\/","title":{"rendered":"Business"},"content":{"rendered":"<div class=\"wpb-content-wrapper\"><p>[vc_row css_animation=&#8221;&#8221; row_type=&#8221;row&#8221; use_row_as_full_screen_section=&#8221;yes&#8221; type=&#8221;grid&#8221; angled_section=&#8221;no&#8221; text_align=&#8221;center&#8221; background_image_as_pattern=&#8221;without_pattern&#8221; padding_top=&#8221;85&#8243; padding_bottom=&#8221;120&#8243; css=&#8221;.vc_custom_1427289693131{background-position: 0 0 !important;background-repeat: no-repeat !important;}&#8221;][vc_column][vc_column_text]<\/p>\n<h3 class=\"subtitle-1\">Discover MBI<\/h3>\n<h3 class=\"subtitle-2\">AND WHAT WE DO BEST<\/h3>\n<p>[\/vc_column_text][vc_separator type=&#8221;small&#8221; position=&#8221;center&#8221; thickness=&#8221;4&#8243; width=&#8221;140&#8243; up=&#8221;40&#8243; down=&#8221;55&#8243;][vc_row_inner row_type=&#8221;row&#8221; type=&#8221;full_width&#8221; text_align=&#8221;left&#8221; css_animation=&#8221;&#8221; padding_top=&#8221;35&#8243;][vc_column_inner width=&#8221;1\/2&#8243;][vc_single_image image=&#8221;17371&#8243; img_size=&#8221;full&#8221; alignment=&#8221;center&#8221; css=&#8221;&#8221; qode_css_animation=&#8221;element_from_bottom&#8221; transition_delay=&#8221;0.2&#8243;][vc_separator type=&#8221;transparent&#8221; up=&#8221;5&#8243; down=&#8221;0&#8243;][vc_separator type=&#8221;transparent&#8221; up=&#8221;15&#8243; down=&#8221;0&#8243;][\/vc_column_inner][vc_column_inner width=&#8221;1\/2&#8243;][vc_column_text css=&#8221;&#8221;]<\/p>\n<p style=\"color: #4d4c5b; font-size: 22px; font-weight: 600; line-height: 24px;\">Leader in Home Automation Since 1990<\/p>\n<p>[\/vc_column_text][vc_separator type=&#8221;transparent&#8221; up=&#8221;15&#8243; down=&#8221;0&#8243;][vc_column_text css=&#8221;&#8221;]At MBI Syst\u00e8mes, home automation is the art of simplifying your life with high-tech systems while giving you control over your environment for unparalleled comfort![\/vc_column_text][vc_separator type=&#8221;transparent&#8221; up=&#8221;15&#8243; down=&#8221;0&#8243;][vc_column_text css=&#8221;&#8221;]Proud of its many accomplishments across Quebec, MBI Syst\u00e8mes\u2019 mission is to transform your residential or commercial space into a smart environment. Since 1990, the company has been recognized as a pioneer in the home automation industry.[\/vc_column_text][vc_separator type=&#8221;transparent&#8221; up=&#8221;15&#8243; down=&#8221;0&#8243;][vc_column_text css=&#8221;&#8221;]Fr\u00e9d\u00e9ric Perron, Maxime Beauregard, and Pascal Lagu\u00eb now form the next-generation team at MBI Syst\u00e8mes, carrying on the expertise and know-how that have built its reputation. For over 30 years, the company has established itself as a leader in home automation, offering innovative solutions tailored to its clients&#8217; needs. This entire journey began in 1990, thanks to Martial Beauregard.[\/vc_column_text][\/vc_column_inner][\/vc_row_inner][\/vc_column][\/vc_row]<\/p>\n<\/div>","protected":false},"excerpt":{"rendered":"<p>[vc_row css_animation=&#8221;&#8221; row_type=&#8221;row&#8221; use_row_as_full_screen_section=&#8221;yes&#8221; type=&#8221;grid&#8221; angled_section=&#8221;no&#8221; text_align=&#8221;center&#8221; background_image_as_pattern=&#8221;without_pattern&#8221; padding_top=&#8221;85&#8243; padding_bottom=&#8221;120&#8243; css=&#8221;.vc_custom_1427289693131{background-position: 0 0 !important;background-repeat: no-repeat !important;}&#8221;][vc_column][vc_column_text] Discover MBI AND WHAT WE DO BEST [\/vc_column_text][vc_separator type=&#8221;small&#8221; position=&#8221;center&#8221; thickness=&#8221;4&#8243; width=&#8221;140&#8243; up=&#8221;40&#8243; down=&#8221;55&#8243;][vc_row_inner row_type=&#8221;row&#8221; type=&#8221;full_width&#8221; text_align=&#8221;left&#8221; css_animation=&#8221;&#8221; padding_top=&#8221;35&#8243;][vc_column_inner width=&#8221;1\/2&#8243;][vc_single_image image=&#8221;17371&#8243; img_size=&#8221;full&#8221; alignment=&#8221;center&#8221; css=&#8221;&#8221; qode_css_animation=&#8221;element_from_bottom&#8221; transition_delay=&#8221;0.2&#8243;][vc_separator type=&#8221;transparent&#8221; up=&#8221;5&#8243; down=&#8221;0&#8243;][vc_separator&#8230;<\/p>\n","protected":false},"author":3,"featured_media":0,"parent":0,"menu_order":0,"comment_status":"open","ping_status":"closed","template":"","meta":{"footnotes":""},"class_list":["post-15886","page","type-page","status-publish","hentry"],"_links":{"self":[{"href":"https:\/\/www.mbisystemes.com\/en\/wp-json\/wp\/v2\/pages\/15886","targetHints":{"allow":["GET"]}}],"collection":[{"href":"https:\/\/www.mbisystemes.com\/en\/wp-json\/wp\/v2\/pages"}],"about":[{"href":"https:\/\/www.mbisystemes.com\/en\/wp-json\/wp\/v2\/types\/page"}],"author":[{"embeddable":true,"href":"https:\/\/www.mbisystemes.com\/en\/wp-json\/wp\/v2\/users\/3"}],"replies":[{"embeddable":true,"href":"https:\/\/www.mbisystemes.com\/en\/wp-json\/wp\/v2\/comments?post=15886"}],"version-history":[{"count":6,"href":"https:\/\/www.mbisystemes.com\/en\/wp-json\/wp\/v2\/pages\/15886\/revisions"}],"predecessor-version":[{"id":17413,"href":"https:\/\/www.mbisystemes.com\/en\/wp-json\/wp\/v2\/pages\/15886\/revisions\/17413"}],"wp:attachment":[{"href":"https:\/\/www.mbisystemes.com\/en\/wp-json\/wp\/v2\/media?parent=15886"}],"curies":[{"name":"wp","href":"https:\/\/api.w.org\/{rel}","templated":true}]}}